{"id":6596,"date":"2023-10-04T18:22:54","date_gmt":"2023-10-04T18:22:54","guid":{"rendered":"http:\/\/35.183.8.171\/?page_id=6596"},"modified":"2024-01-16T15:22:50","modified_gmt":"2024-01-16T20:22:50","slug":"demande-recue","status":"publish","type":"page","link":"https:\/\/modellium.com\/en\/demandez-une-demo\/demande-recue\/","title":{"rendered":"Demande re\u00e7ue &#8211; Redirection Demander une d\u00e9mo"},"content":{"rendered":"<div data-elementor-type=\"wp-page\" data-elementor-id=\"6596\" class=\"elementor elementor-6596\" data-elementor-post-type=\"page\">\n\t\t\t\t<div class=\"elementor-element elementor-element-e429e03 e-con-full e-flex e-con e-parent\" data-id=\"e429e03\" data-element_type=\"container\" data-e-type=\"container\" data-settings=\"{&quot;background_background&quot;:&quot;classic&quot;}\">\n\t\t<div class=\"elementor-element elementor-element-4bb3bd5 e-con-full hero-section section-padding section-medium e-flex e-con e-child\" data-id=\"4bb3bd5\" data-element_type=\"container\" data-e-type=\"container\">\n\t\t\t\t<div class=\"elementor-element elementor-element-96b5087 headline-large-padding elementor-widget elementor-widget-heading\" data-id=\"96b5087\" data-element_type=\"widget\" data-e-type=\"widget\" data-widget_type=\"heading.default\">\n\t\t\t\t\t<h2 class=\"elementor-heading-title elementor-size-default\">Votre demande a \u00e9t\u00e9 re\u00e7ue!<\/h2>\t\t\t\t<\/div>\n\t\t\t\t<div class=\"elementor-element elementor-element-5c1bad0 responsive-text-spacing-large paragraph-width-regular elementor-widget elementor-widget-text-editor\" data-id=\"5c1bad0\" data-element_type=\"widget\" data-e-type=\"widget\" data-widget_type=\"text-editor.default\">\n\t\t\t\t\t\t\t\t\t<p>Nous vous contacterons dans les prochaines <br \/>48h pour vous proposer un rendez-vous.<\/p>\t\t\t\t\t\t\t\t<\/div>\n\t\t\t\t<div class=\"elementor-element elementor-element-70761e4 button-regular elementor-widget elementor-widget-button\" data-id=\"70761e4\" data-element_type=\"widget\" data-e-type=\"widget\" data-widget_type=\"button.default\">\n\t\t\t\t\t\t\t\t\t\t<a class=\"elementor-button elementor-button-link elementor-size-sm\" href=\"\/en\/v-plus\/\">\n\t\t\t\t\t\t<span class=\"elementor-button-content-wrapper\">\n\t\t\t\t\t\t\t\t\t<span class=\"elementor-button-text\">Continuez d'explorer les produits<\/span>\n\t\t\t\t\t<\/span>\n\t\t\t\t\t<\/a>\n\t\t\t\t\t\t\t\t<\/div>\n\t\t\t\t<\/div>\n\t\t\t\t<\/div>\n\t\t\t\t<\/div>","protected":false},"excerpt":{"rendered":"<p>Votre demande a \u00e9t\u00e9 re\u00e7ue! Nous vous contacterons dans les prochaines 48h pour vous proposer un rendez-vous. Continuez d&rsquo;explorer les produits<\/p>","protected":false},"author":7,"featured_media":0,"parent":31,"menu_order":0,"comment_status":"closed","ping_status":"closed","template":"","meta":{"_acf_changed":false,"_import_markdown_pro_load_document_selector":0,"_import_markdown_pro_submit_text_textarea":"","footnotes":""},"class_list":["post-6596","page","type-page","status-publish","hentry"],"acf":[],"yoast_head":"<!-- This site is optimized with the Yoast SEO Premium plugin v27.4 (Yoast SEO v27.4) - https:\/\/yoast.com\/product\/yoast-seo-premium-wordpress\/ -->\n<title>Demande re\u00e7ue - Redirection Demander une d\u00e9mo - Modellium<\/title>\n<meta name=\"robots\" content=\"index, follow, max-snippet:-1, max-image-preview:large, max-video-preview:-1\" \/>\n<link rel=\"canonical\" href=\"https:\/\/modellium.com\/en\/demandez-une-demo\/demande-recue\/\" \/>\n<meta property=\"og:locale\" content=\"en_US\" \/>\n<meta property=\"og:type\" content=\"article\" \/>\n<meta property=\"og:title\" content=\"Demande re\u00e7ue - Redirection Demander une d\u00e9mo - Modellium\" \/>\n<meta property=\"og:description\" content=\"Votre demande a \u00e9t\u00e9 re\u00e7ue! Nous vous contacterons dans les prochaines 48h pour vous proposer un rendez-vous. Continuez d&rsquo;explorer les produits\" \/>\n<meta property=\"og:url\" content=\"https:\/\/modellium.com\/en\/demandez-une-demo\/demande-recue\/\" \/>\n<meta property=\"og:site_name\" content=\"Modellium\" \/>\n<meta property=\"article:publisher\" content=\"https:\/\/www.facebook.com\/Modellium\/\" \/>\n<meta property=\"article:modified_time\" content=\"2024-01-16T20:22:50+00:00\" \/>\n<meta name=\"twitter:card\" content=\"summary_large_image\" \/>\n<meta name=\"twitter:label1\" content=\"Est. reading time\" \/>\n\t<meta name=\"twitter:data1\" content=\"1 minute\" \/>\n<script type=\"application\/ld+json\" class=\"yoast-schema-graph\">{\"@context\":\"https:\\\/\\\/schema.org\",\"@graph\":[{\"@type\":\"WebPage\",\"@id\":\"https:\\\/\\\/modellium.com\\\/demandez-une-demo\\\/demande-recue\\\/\",\"url\":\"https:\\\/\\\/modellium.com\\\/demandez-une-demo\\\/demande-recue\\\/\",\"name\":\"Demande re\u00e7ue - Redirection Demander une d\u00e9mo - Modellium\",\"isPartOf\":{\"@id\":\"https:\\\/\\\/modellium.com\\\/#website\"},\"datePublished\":\"2023-10-04T18:22:54+00:00\",\"dateModified\":\"2024-01-16T20:22:50+00:00\",\"breadcrumb\":{\"@id\":\"https:\\\/\\\/modellium.com\\\/demandez-une-demo\\\/demande-recue\\\/#breadcrumb\"},\"inLanguage\":\"en-CA\",\"potentialAction\":[{\"@type\":\"ReadAction\",\"target\":[\"https:\\\/\\\/modellium.com\\\/demandez-une-demo\\\/demande-recue\\\/\"]}]},{\"@type\":\"BreadcrumbList\",\"@id\":\"https:\\\/\\\/modellium.com\\\/demandez-une-demo\\\/demande-recue\\\/#breadcrumb\",\"itemListElement\":[{\"@type\":\"ListItem\",\"position\":1,\"name\":\"Explorez les produits\",\"item\":\"https:\\\/\\\/modellium.com\\\/\"},{\"@type\":\"ListItem\",\"position\":2,\"name\":\"Demander une d\u00e9mo\",\"item\":\"https:\\\/\\\/modellium.com\\\/demandez-une-demo\\\/\"},{\"@type\":\"ListItem\",\"position\":3,\"name\":\"Demande re\u00e7ue &#8211; Redirection Demander une d\u00e9mo\"}]},{\"@type\":\"WebSite\",\"@id\":\"https:\\\/\\\/modellium.com\\\/#website\",\"url\":\"https:\\\/\\\/modellium.com\\\/\",\"name\":\"Modellium\",\"description\":\"Solutions num\u00e9riques innovantes pour le domaine municipal\",\"publisher\":{\"@id\":\"https:\\\/\\\/modellium.com\\\/#organization\"},\"potentialAction\":[{\"@type\":\"SearchAction\",\"target\":{\"@type\":\"EntryPoint\",\"urlTemplate\":\"https:\\\/\\\/modellium.com\\\/?s={search_term_string}\"},\"query-input\":{\"@type\":\"PropertyValueSpecification\",\"valueRequired\":true,\"valueName\":\"search_term_string\"}}],\"inLanguage\":\"en-CA\"},{\"@type\":\"Organization\",\"@id\":\"https:\\\/\\\/modellium.com\\\/#organization\",\"name\":\"Modellium\",\"url\":\"https:\\\/\\\/modellium.com\\\/\",\"logo\":{\"@type\":\"ImageObject\",\"inLanguage\":\"en-CA\",\"@id\":\"https:\\\/\\\/modellium.com\\\/#\\\/schema\\\/logo\\\/image\\\/\",\"url\":\"https:\\\/\\\/modellium.com\\\/wp-content\\\/uploads\\\/2023\\\/06\\\/logo-modellium-desktop.svg\",\"contentUrl\":\"https:\\\/\\\/modellium.com\\\/wp-content\\\/uploads\\\/2023\\\/06\\\/logo-modellium-desktop.svg\",\"width\":149,\"height\":30,\"caption\":\"Modellium\"},\"image\":{\"@id\":\"https:\\\/\\\/modellium.com\\\/#\\\/schema\\\/logo\\\/image\\\/\"},\"sameAs\":[\"https:\\\/\\\/www.facebook.com\\\/Modellium\\\/\",\"https:\\\/\\\/www.linkedin.com\\\/company\\\/modellium\\\/\"]}]}<\/script>\n<!-- \/ Yoast SEO Premium plugin. -->","yoast_head_json":{"title":"Demande re\u00e7ue - Redirection Demander une d\u00e9mo - Modellium","robots":{"index":"index","follow":"follow","max-snippet":"max-snippet:-1","max-image-preview":"max-image-preview:large","max-video-preview":"max-video-preview:-1"},"canonical":"https:\/\/modellium.com\/en\/demandez-une-demo\/demande-recue\/","og_locale":"en_US","og_type":"article","og_title":"Demande re\u00e7ue - Redirection Demander une d\u00e9mo - Modellium","og_description":"Votre demande a \u00e9t\u00e9 re\u00e7ue! Nous vous contacterons dans les prochaines 48h pour vous proposer un rendez-vous. Continuez d&rsquo;explorer les produits","og_url":"https:\/\/modellium.com\/en\/demandez-une-demo\/demande-recue\/","og_site_name":"Modellium","article_publisher":"https:\/\/www.facebook.com\/Modellium\/","article_modified_time":"2024-01-16T20:22:50+00:00","twitter_card":"summary_large_image","twitter_misc":{"Est. reading time":"1 minute"},"schema":{"@context":"https:\/\/schema.org","@graph":[{"@type":"WebPage","@id":"https:\/\/modellium.com\/demandez-une-demo\/demande-recue\/","url":"https:\/\/modellium.com\/demandez-une-demo\/demande-recue\/","name":"Demande re\u00e7ue - Redirection Demander une d\u00e9mo - Modellium","isPartOf":{"@id":"https:\/\/modellium.com\/#website"},"datePublished":"2023-10-04T18:22:54+00:00","dateModified":"2024-01-16T20:22:50+00:00","breadcrumb":{"@id":"https:\/\/modellium.com\/demandez-une-demo\/demande-recue\/#breadcrumb"},"inLanguage":"en-CA","potentialAction":[{"@type":"ReadAction","target":["https:\/\/modellium.com\/demandez-une-demo\/demande-recue\/"]}]},{"@type":"BreadcrumbList","@id":"https:\/\/modellium.com\/demandez-une-demo\/demande-recue\/#breadcrumb","itemListElement":[{"@type":"ListItem","position":1,"name":"Explorez les produits","item":"https:\/\/modellium.com\/"},{"@type":"ListItem","position":2,"name":"Demander une d\u00e9mo","item":"https:\/\/modellium.com\/demandez-une-demo\/"},{"@type":"ListItem","position":3,"name":"Demande re\u00e7ue &#8211; Redirection Demander une d\u00e9mo"}]},{"@type":"WebSite","@id":"https:\/\/modellium.com\/#website","url":"https:\/\/modellium.com\/","name":"Modellium","description":"Solutions num\u00e9riques innovantes pour le domaine municipal","publisher":{"@id":"https:\/\/modellium.com\/#organization"},"potentialAction":[{"@type":"SearchAction","target":{"@type":"EntryPoint","urlTemplate":"https:\/\/modellium.com\/?s={search_term_string}"},"query-input":{"@type":"PropertyValueSpecification","valueRequired":true,"valueName":"search_term_string"}}],"inLanguage":"en-CA"},{"@type":"Organization","@id":"https:\/\/modellium.com\/#organization","name":"Modellium","url":"https:\/\/modellium.com\/","logo":{"@type":"ImageObject","inLanguage":"en-CA","@id":"https:\/\/modellium.com\/#\/schema\/logo\/image\/","url":"https:\/\/modellium.com\/wp-content\/uploads\/2023\/06\/logo-modellium-desktop.svg","contentUrl":"https:\/\/modellium.com\/wp-content\/uploads\/2023\/06\/logo-modellium-desktop.svg","width":149,"height":30,"caption":"Modellium"},"image":{"@id":"https:\/\/modellium.com\/#\/schema\/logo\/image\/"},"sameAs":["https:\/\/www.facebook.com\/Modellium\/","https:\/\/www.linkedin.com\/company\/modellium\/"]}]}},"jetpack_sharing_enabled":true,"_links":{"self":[{"href":"https:\/\/modellium.com\/en\/wp-json\/wp\/v2\/pages\/6596","targetHints":{"allow":["GET"]}}],"collection":[{"href":"https:\/\/modellium.com\/en\/wp-json\/wp\/v2\/pages"}],"about":[{"href":"https:\/\/modellium.com\/en\/wp-json\/wp\/v2\/types\/page"}],"author":[{"embeddable":true,"href":"https:\/\/modellium.com\/en\/wp-json\/wp\/v2\/users\/7"}],"replies":[{"embeddable":true,"href":"https:\/\/modellium.com\/en\/wp-json\/wp\/v2\/comments?post=6596"}],"version-history":[{"count":32,"href":"https:\/\/modellium.com\/en\/wp-json\/wp\/v2\/pages\/6596\/revisions"}],"predecessor-version":[{"id":12270,"href":"https:\/\/modellium.com\/en\/wp-json\/wp\/v2\/pages\/6596\/revisions\/12270"}],"up":[{"embeddable":true,"href":"https:\/\/modellium.com\/en\/wp-json\/wp\/v2\/pages\/31"}],"wp:attachment":[{"href":"https:\/\/modellium.com\/en\/wp-json\/wp\/v2\/media?parent=6596"}],"curies":[{"name":"wp","href":"https:\/\/api.w.org\/{rel}","templated":true}]}}