{"id":21808,"date":"2025-08-22T15:43:33","date_gmt":"2025-08-22T20:43:33","guid":{"rendered":"https:\/\/modellium.com\/?page_id=21808"},"modified":"2025-08-26T15:56:42","modified_gmt":"2025-08-26T20:56:42","slug":"salon-fqm-2025","status":"publish","type":"page","link":"https:\/\/modellium.com\/en\/salon-fqm-2025\/","title":{"rendered":"Salon FQM 2025"},"content":{"rendered":"\t\t<div data-elementor-type=\"wp-page\" data-elementor-id=\"21808\" class=\"elementor elementor-21808\" data-elementor-post-type=\"page\">\n\t\t\t\t<div class=\"elementor-element elementor-element-5082f6b e-flex e-con-boxed e-con e-parent\" data-id=\"5082f6b\" data-element_type=\"container\" data-e-type=\"container\">\n\t\t\t\t\t<div class=\"e-con-inner\">\n\t\t\t\t<div class=\"elementor-element elementor-element-afca2f6 elementor-widget elementor-widget-spacer\" data-id=\"afca2f6\" data-element_type=\"widget\" data-e-type=\"widget\" data-widget_type=\"spacer.default\">\n\t\t\t\t\t\t\t<div class=\"elementor-spacer\">\n\t\t\t<div class=\"elementor-spacer-inner\"><\/div>\n\t\t<\/div>\n\t\t\t\t\t\t<\/div>\n\t\t\t\t\t<\/div>\n\t\t\t\t<\/div>\n\t\t<div class=\"elementor-element elementor-element-d7a4676 e-flex e-con-boxed e-con e-parent\" data-id=\"d7a4676\" data-element_type=\"container\" data-e-type=\"container\">\n\t\t\t\t\t<div class=\"e-con-inner\">\n\t\t\t\t<div class=\"elementor-element elementor-element-fb1a411 elementor-widget elementor-widget-spacer\" data-id=\"fb1a411\" data-element_type=\"widget\" data-e-type=\"widget\" data-widget_type=\"spacer.default\">\n\t\t\t\t\t\t\t<div class=\"elementor-spacer\">\n\t\t\t<div class=\"elementor-spacer-inner\"><\/div>\n\t\t<\/div>\n\t\t\t\t\t\t<\/div>\n\t\t\t\t\t<\/div>\n\t\t\t\t<\/div>\n\t\t<div class=\"elementor-element elementor-element-0d03caa e-flex e-con-boxed e-con e-parent\" data-id=\"0d03caa\" data-element_type=\"container\" data-e-type=\"container\">\n\t\t\t\t\t<div class=\"e-con-inner\">\n\t\t\t\t<div class=\"elementor-element elementor-element-5f03493 elementor-widget elementor-widget-spacer\" data-id=\"5f03493\" data-element_type=\"widget\" data-e-type=\"widget\" data-widget_type=\"spacer.default\">\n\t\t\t\t\t\t\t<div class=\"elementor-spacer\">\n\t\t\t<div class=\"elementor-spacer-inner\"><\/div>\n\t\t<\/div>\n\t\t\t\t\t\t<\/div>\n\t\t\t\t\t<\/div>\n\t\t\t\t<\/div>\n\t\t<div class=\"elementor-element elementor-element-8e4c4db e-flex e-con-boxed e-con e-parent\" data-id=\"8e4c4db\" data-element_type=\"container\" data-e-type=\"container\">\n\t\t\t\t\t<div class=\"e-con-inner\">\n\t\t<div class=\"elementor-element elementor-element-8333cb2 e-con-full e-flex e-con e-child\" data-id=\"8333cb2\" data-element_type=\"container\" data-e-type=\"container\">\n\t\t<div class=\"elementor-element elementor-element-9885350 e-con-full e-flex e-con e-child\" data-id=\"9885350\" data-element_type=\"container\" data-e-type=\"container\">\n\t\t\t\t<div class=\"elementor-element elementor-element-bcbf1f4 elementor-widget__width-inherit elementor-widget elementor-widget-image\" data-id=\"bcbf1f4\" data-element_type=\"widget\" data-e-type=\"widget\" data-widget_type=\"image.default\">\n\t\t\t\t\t\t\t\t\t\t\t\t\t\t\t<img fetchpriority=\"high\" decoding=\"async\" width=\"1011\" height=\"1011\" src=\"https:\/\/modellium.com\/wp-content\/uploads\/2025\/08\/Courriel-Section-Promo-FQM-2.jpg\" class=\"attachment-2048x2048 size-2048x2048 wp-image-21859\" alt=\"\" srcset=\"https:\/\/modellium.com\/wp-content\/uploads\/2025\/08\/Courriel-Section-Promo-FQM-2.jpg 1011w, https:\/\/modellium.com\/wp-content\/uploads\/2025\/08\/Courriel-Section-Promo-FQM-2-300x300.jpg 300w, https:\/\/modellium.com\/wp-content\/uploads\/2025\/08\/Courriel-Section-Promo-FQM-2-150x150.jpg 150w, https:\/\/modellium.com\/wp-content\/uploads\/2025\/08\/Courriel-Section-Promo-FQM-2-768x768.jpg 768w, https:\/\/modellium.com\/wp-content\/uploads\/2025\/08\/Courriel-Section-Promo-FQM-2-12x12.jpg 12w, https:\/\/modellium.com\/wp-content\/uploads\/2025\/08\/Courriel-Section-Promo-FQM-2-360x360.jpg 360w\" sizes=\"(max-width: 1011px) 100vw, 1011px\" \/>\t\t\t\t\t\t\t\t\t\t\t\t\t\t\t<\/div>\n\t\t\t\t<\/div>\n\t\t<div class=\"elementor-element elementor-element-48b8d4d e-con-full vplus e-flex e-con e-child\" data-id=\"48b8d4d\" data-element_type=\"container\" data-e-type=\"container\">\n\t\t\t\t<div class=\"elementor-element elementor-element-bd9cca9 elementor-widget-mobile__width-initial row-span-2 elementor-widget elementor-widget-metform\" data-id=\"bd9cca9\" data-element_type=\"widget\" data-e-type=\"widget\" data-widget_type=\"metform.default\">\n\t\t\t\t\t<div id=\"mf-response-props-id-21800\" data-previous-steps-style=\"\" data-editswitchopen=\"\" data-response_type=\"alert\" data-erroricon=\"fas fa-exclamation-triangle\" data-successicon=\"fas fa-check\" data-messageposition=\"top\" class=\"   mf-scroll-top-no\">\n\t\t<div class=\"formpicker_warper formpicker_warper_editable\" data-metform-formpicker-key=\"21800\" >\n\t\t\t\t\n\t\t\t<div class=\"mf-widget-container\">\n\t\t\t\t\r\n\t\t<div\r\n\t\t\tid=\"metform-wrap-bd9cca9-21800\"\r\n\t\t\tclass=\"mf-form-wrapper\"\r\n\t\t\tdata-form-id=\"21800\"\r\n\t\t\tdata-action=\"https:\/\/modellium.com\/en\/wp-json\/metform\/v1\/entries\/insert\/21800\"\r\n\t\t\tdata-wp-nonce=\"3ee7c35191\"\r\n\t\t\tdata-form-nonce=\"62dd2d0cf7\"\r\n\t\t\tdata-quiz-summery = \"false\"\r\n\t\t\tdata-save-progress = \"false\"\r\n\t\t\tdata-form-type=\"general-form\"\r\n\t\t\tdata-stop-vertical-effect=\"\"\r\n\t\t\t><\/div>\r\n\r\n\r\n\t\t<!----------------------------- \r\n\t\t\t* controls_data : find the the props passed indie of data attribute\r\n\t\t\t* props.SubmitResponseMarkup : contains the markup of error or success message\r\n\t\t\t* https:\/\/developer.mozilla.org\/en-US\/docs\/Web\/JavaScript\/Reference\/Template_literals\r\n\t\t--------------------------- -->\r\n\r\n\t\t\t\t<script type=\"text\/mf\" class=\"mf-template\">\r\n\t\t\tfunction controls_data (value){\r\n\t\t\t\tlet currentWrapper = \"mf-response-props-id-21800\";\r\n\t\t\t\tlet currentEl = document.getElementById(currentWrapper);\r\n\t\t\t\t\r\n\t\t\t\treturn currentEl ? currentEl.dataset[value] : false\r\n\t\t\t}\r\n\r\n\r\n\t\t\tlet is_edit_mode = '' ? true : false;\r\n\t\t\tlet message_position = controls_data('messageposition') || 'top';\r\n\r\n\t\t\t\r\n\t\t\tlet message_successIcon = controls_data('successicon') || '';\r\n\t\t\tlet message_errorIcon = controls_data('erroricon') || '';\r\n\t\t\tlet message_editSwitch = controls_data('editswitchopen') === 'yes' ? true : false;\r\n\t\t\tlet message_proClass = controls_data('editswitchopen') === 'yes' ? 'mf_pro_activated' : '';\r\n\t\t\t\r\n\t\t\tlet is_dummy_markup = is_edit_mode && message_editSwitch ? true : false;\r\n\r\n\t\t\t\r\n\t\t\treturn html`\r\n\t\t\t\t<form\r\n\t\t\t\t\tclassName=\"metform-form-content\"\r\n\t\t\t\t\tref=${parent.formContainerRef}\r\n\t\t\t\t\tonSubmit=${ validation.handleSubmit( parent.handleFormSubmit ) }\r\n\t\t\t\t\r\n\t\t\t\t\t>\r\n\t\t\t\r\n\t\t\t\r\n\t\t\t\t\t${is_dummy_markup ? message_position === 'top' ?  props.ResponseDummyMarkup(message_successIcon, message_proClass) : '' : ''}\r\n\t\t\t\t\t${is_dummy_markup ? ' ' :  message_position === 'top' ? props.SubmitResponseMarkup`${parent}${state}${message_successIcon}${message_errorIcon}${message_proClass}` : ''}\r\n\r\n\t\t\t\t\t<!--------------------------------------------------------\r\n\t\t\t\t\t*** IMPORTANT \/ DANGEROUS ***\r\n\t\t\t\t\t${html``} must be used as in immediate child of \"metform-form-main-wrapper\"\r\n\t\t\t\t\tclass otherwise multistep form will not run at all\r\n\t\t\t\t\t---------------------------------------------------------->\r\n\r\n\t\t\t\t\t<div className=\"metform-form-main-wrapper\" key=${'hide-form-after-submit'} ref=${parent.formRef}>\r\n\t\t\t\t\t${html`\r\n\t\t\t\t\t\t\t\t<div data-elementor-type=\"wp-post\" key=\"2\" data-elementor-id=\"21800\" className=\"elementor elementor-21800\" data-elementor-post-type=\"metform-form\">\n\t\t\t\t<div className=\"elementor-element elementor-element-6500f41 e-grid e-con-boxed e-con e-parent\" data-id=\"6500f41\" data-element_type=\"container\" data-e-type=\"container\">\n\t\t\t\t\t<div className=\"e-con-inner\">\n\t\t\t\t<div className=\"elementor-element elementor-element-2d0daa4 elementor-widget elementor-widget-mf-text\" data-id=\"2d0daa4\" data-element_type=\"widget\" data-e-type=\"widget\" data-settings=\"{&quot;mf_input_name&quot;:&quot;nomcomplet&quot;}\" data-widget_type=\"mf-text.default\">\n\t\t\t\t\t\r\n\t\t<div className=\"mf-input-wrapper\">\r\n\t\t\t\t\t\t\t<label className=\"mf-input-label\" htmlFor=\"mf-input-text-2d0daa4\">\r\n\t\t\t\t\t${ parent.decodeEntities(`Nom complet`) } \t\t\t\t\t<span className=\"mf-input-required-indicator\">*<\/span>\r\n\t\t\t\t<\/label>\r\n\t\t\t\r\n\t\t\t<input\r\n\t\t\t\ttype=\"text\"\r\n\t\t\t\tclassName=\"mf-input \"\r\n\t\t\t\tid=\"mf-input-text-2d0daa4\"\r\n\t\t\t\tname=\"nomcomplet\"\r\n\t\t\t\tplaceholder=\"${ parent.decodeEntities(`Entrez votre pr\u00e9nom et nom`) } \"\r\n\t\t\t\t\t\t\t\t\tonInput=${parent.handleChange}\r\n\t\t\t\t\tonBlur=${parent.handleChange}\r\n\t\t\t\t\taria-invalid=${validation.errors['nomcomplet'] ? 'true' : 'false'}\r\n\t\t\t\t\tref=${el =>{\r\n\t\t\t\t\t\t\t\t\t\t\t\tparent.activateValidation({\"message\":\"Ce champ est requis\",\"minLength\":1,\"maxLength\":\"\",\"type\":\"none\",\"required\":true,\"expression\":\"null\"}, el)\r\n\t\t\t\t\t}}\r\n\t\t\t\t\t\t\t\t\/>\r\n\r\n\t\t\t\t\t\t\t<${validation.ErrorMessage}\r\n\t\t\t\t\terrors=${validation.errors}\r\n\t\t\t\t\tname=\"nomcomplet\"\r\n\t\t\t\t\tas=${html`<span className=\"mf-error-message\"><\/span>`}\r\n\t\t\t\t\t\/>\r\n\t\t\t\r\n\t\t\t\t\t<\/div>\r\n\r\n\t\t\t\t\t\t<\/div>\n\t\t\t\t<div className=\"elementor-element elementor-element-36b89cf elementor-widget elementor-widget-mf-text\" data-id=\"36b89cf\" data-element_type=\"widget\" data-e-type=\"widget\" data-settings=\"{&quot;mf_input_name&quot;:&quot;organisation&quot;}\" data-widget_type=\"mf-text.default\">\n\t\t\t\t\t\r\n\t\t<div className=\"mf-input-wrapper\">\r\n\t\t\t\t\t\t\t<label className=\"mf-input-label\" htmlFor=\"mf-input-text-36b89cf\">\r\n\t\t\t\t\t${ parent.decodeEntities(`Nom de l&#039;organisation`) } \t\t\t\t\t<span className=\"mf-input-required-indicator\">*<\/span>\r\n\t\t\t\t<\/label>\r\n\t\t\t\r\n\t\t\t<input\r\n\t\t\t\ttype=\"text\"\r\n\t\t\t\tclassName=\"mf-input \"\r\n\t\t\t\tid=\"mf-input-text-36b89cf\"\r\n\t\t\t\tname=\"organisation\"\r\n\t\t\t\tplaceholder=\"${ parent.decodeEntities(`La ville, municipalit\u00e9, MRC ou organisation repr\u00e9sent\u00e9e`) } \"\r\n\t\t\t\t\t\t\t\t\tonInput=${parent.handleChange}\r\n\t\t\t\t\tonBlur=${parent.handleChange}\r\n\t\t\t\t\taria-invalid=${validation.errors['organisation'] ? 'true' : 'false'}\r\n\t\t\t\t\tref=${el =>{\r\n\t\t\t\t\t\t\t\t\t\t\t\tparent.activateValidation({\"message\":\"Ce champ est requis\",\"minLength\":1,\"maxLength\":\"\",\"type\":\"none\",\"required\":true,\"expression\":\"null\"}, el)\r\n\t\t\t\t\t}}\r\n\t\t\t\t\t\t\t\t\/>\r\n\r\n\t\t\t\t\t\t\t<${validation.ErrorMessage}\r\n\t\t\t\t\terrors=${validation.errors}\r\n\t\t\t\t\tname=\"organisation\"\r\n\t\t\t\t\tas=${html`<span className=\"mf-error-message\"><\/span>`}\r\n\t\t\t\t\t\/>\r\n\t\t\t\r\n\t\t\t\t\t<\/div>\r\n\r\n\t\t\t\t\t\t<\/div>\n\t\t\t\t<div className=\"elementor-element elementor-element-676a5d1 elementor-widget elementor-widget-mf-text\" data-id=\"676a5d1\" data-element_type=\"widget\" data-e-type=\"widget\" data-settings=\"{&quot;mf_input_name&quot;:&quot;message&quot;}\" data-widget_type=\"mf-text.default\">\n\t\t\t\t\t\r\n\t\t<div className=\"mf-input-wrapper\">\r\n\t\t\t\t\t\t\t<label className=\"mf-input-label\" htmlFor=\"mf-input-text-676a5d1\">\r\n\t\t\t\t\t${ parent.decodeEntities(`Message (optionnel)`) } \t\t\t\t\t<span className=\"mf-input-required-indicator\"><\/span>\r\n\t\t\t\t<\/label>\r\n\t\t\t\r\n\t\t\t<input\r\n\t\t\t\ttype=\"text\"\r\n\t\t\t\tclassName=\"mf-input \"\r\n\t\t\t\tid=\"mf-input-text-676a5d1\"\r\n\t\t\t\tname=\"message\"\r\n\t\t\t\tplaceholder=\"${ parent.decodeEntities(`Un mot pour l\u2019\u00e9quipe sur place? C&#039;est ici!`) } \"\r\n\t\t\t\t\t\t\t\t\tonInput=${parent.handleChange}\r\n\t\t\t\t\tonBlur=${parent.handleChange}\r\n\t\t\t\t\taria-invalid=${validation.errors['message'] ? 'true' : 'false'}\r\n\t\t\t\t\tref=${el =>{\r\n\t\t\t\t\t\t\t\t\t\t\t\tparent.activateValidation({\"message\":\"This field is required.\",\"minLength\":1,\"maxLength\":\"\",\"type\":\"none\",\"required\":false,\"expression\":\"null\"}, el)\r\n\t\t\t\t\t}}\r\n\t\t\t\t\t\t\t\t\/>\r\n\r\n\t\t\t\t\t\t\t<${validation.ErrorMessage}\r\n\t\t\t\t\terrors=${validation.errors}\r\n\t\t\t\t\tname=\"message\"\r\n\t\t\t\t\tas=${html`<span className=\"mf-error-message\"><\/span>`}\r\n\t\t\t\t\t\/>\r\n\t\t\t\r\n\t\t\t\t\t<\/div>\r\n\r\n\t\t\t\t\t\t<\/div>\n\t\t\t\t<div className=\"elementor-element elementor-element-a1bd5b8 send-button mf-btn--left elementor-widget elementor-widget-mf-button\" data-id=\"a1bd5b8\" data-element_type=\"widget\" data-e-type=\"widget\" data-widget_type=\"mf-button.default\">\n\t\t\t\t\t\t\t\t\t\t<input type=\"hidden\" name=\"mf-hidden-input-name\" className=\"mf_hidden_input_class\" value=\"mf_hidden_input_value\" ref=${parent.setDefault} \/>\r\n\t\t\t\t\t\t<div className=\"mf-btn-wraper \" data-mf-form-conditional-logic-requirement=\"\">\r\n\t\t\t\t\t\t\t<button type=\"submit\" className=\"metform-btn metform-submit-btn \" id=\"\">\r\n\t\t\t\t\t<span>${ parent.decodeEntities(`Confirmer ma pr\u00e9sence`) } <\/span>\r\n\t\t\t\t<\/button>\r\n\t\t\t        <\/div>\r\n        \t\t\t\t<\/div>\n\t\t\t\t\t<\/div>\n\t\t\t\t<\/div>\n\t\t\t\t<\/div>\n\t\t\t\t\t\t\t`}\r\n\t\t\t\t\t<\/div>\r\n\r\n\t\t\t\t\t${is_dummy_markup ? message_position === 'bottom' ? props.ResponseDummyMarkup(message_successIcon, message_proClass) : '' : ''}\r\n\t\t\t\t\t${is_dummy_markup ? ' ' : message_position === 'bottom' ? props.SubmitResponseMarkup`${parent}${state}${message_successIcon}${message_errorIcon}${message_proClass}` : ''}\r\n\t\t\t\t\r\n\t\t\t\t<\/form>\r\n\t\t\t`\r\n\t\t<\/script>\r\n\r\n\t\t\t\t\t<\/div>\n\t\t<\/div>\n\t\t<\/div>\t\t\t\t<\/div>\n\t\t\t\t<\/div>\n\t\t\t\t<\/div>\n\t\t\t\t\t<\/div>\n\t\t\t\t<\/div>\n\t\t<div class=\"elementor-element elementor-element-8b3ed29 e-flex e-con-boxed e-con e-parent\" data-id=\"8b3ed29\" data-element_type=\"container\" data-e-type=\"container\">\n\t\t\t\t\t<div class=\"e-con-inner\">\n\t\t\t\t<div class=\"elementor-element elementor-element-b5c3f50 elementor-widget elementor-widget-spacer\" data-id=\"b5c3f50\" data-element_type=\"widget\" data-e-type=\"widget\" data-widget_type=\"spacer.default\">\n\t\t\t\t\t\t\t<div class=\"elementor-spacer\">\n\t\t\t<div class=\"elementor-spacer-inner\"><\/div>\n\t\t<\/div>\n\t\t\t\t\t\t<\/div>\n\t\t\t\t\t<\/div>\n\t\t\t\t<\/div>\n\t\t<div class=\"elementor-element elementor-element-f48b605 e-flex e-con-boxed e-con e-parent\" data-id=\"f48b605\" data-element_type=\"container\" data-e-type=\"container\">\n\t\t\t\t\t<div class=\"e-con-inner\">\n\t\t\t\t<div class=\"elementor-element elementor-element-1105171 elementor-widget elementor-widget-spacer\" data-id=\"1105171\" data-element_type=\"widget\" data-e-type=\"widget\" data-widget_type=\"spacer.default\">\n\t\t\t\t\t\t\t<div class=\"elementor-spacer\">\n\t\t\t<div class=\"elementor-spacer-inner\"><\/div>\n\t\t<\/div>\n\t\t\t\t\t\t<\/div>\n\t\t\t\t\t<\/div>\n\t\t\t\t<\/div>\n\t\t\t\t<\/div>\n\t\t","protected":false},"excerpt":{"rendered":"","protected":false},"author":9,"featured_media":0,"parent":0,"menu_order":0,"comment_status":"closed","ping_status":"closed","template":"","meta":{"_acf_changed":false,"_import_markdown_pro_load_document_selector":0,"_import_markdown_pro_submit_text_textarea":"","footnotes":""},"class_list":["post-21808","page","type-page","status-publish","hentry"],"acf":[],"yoast_head":"<!-- This site is optimized with the Yoast SEO Premium plugin v27.4 (Yoast SEO v27.4) - https:\/\/yoast.com\/product\/yoast-seo-premium-wordpress\/ -->\n<title>Salon FQM 2025 - Modellium<\/title>\n<meta name=\"robots\" content=\"index, follow, max-snippet:-1, max-image-preview:large, max-video-preview:-1\" \/>\n<link rel=\"canonical\" href=\"https:\/\/modellium.com\/en\/salon-fqm-2025\/\" \/>\n<meta property=\"og:locale\" content=\"en_US\" \/>\n<meta property=\"og:type\" content=\"article\" \/>\n<meta property=\"og:title\" content=\"Salon FQM 2025 - Modellium\" \/>\n<meta property=\"og:url\" content=\"https:\/\/modellium.com\/en\/salon-fqm-2025\/\" \/>\n<meta property=\"og:site_name\" content=\"Modellium\" \/>\n<meta property=\"article:publisher\" content=\"https:\/\/www.facebook.com\/Modellium\/\" \/>\n<meta property=\"article:modified_time\" content=\"2025-08-26T20:56:42+00:00\" \/>\n<meta property=\"og:image\" content=\"https:\/\/modellium.com\/wp-content\/uploads\/2025\/08\/Courriel-Section-Promo-FQM-2.jpg\" \/>\n<meta name=\"twitter:card\" content=\"summary_large_image\" \/>\n<meta name=\"twitter:label1\" content=\"Est. reading time\" \/>\n\t<meta name=\"twitter:data1\" content=\"1 minute\" \/>\n<script type=\"application\/ld+json\" class=\"yoast-schema-graph\">{\"@context\":\"https:\\\/\\\/schema.org\",\"@graph\":[{\"@type\":\"WebPage\",\"@id\":\"https:\\\/\\\/modellium.com\\\/salon-fqm-2025\\\/\",\"url\":\"https:\\\/\\\/modellium.com\\\/salon-fqm-2025\\\/\",\"name\":\"Salon FQM 2025 - Modellium\",\"isPartOf\":{\"@id\":\"https:\\\/\\\/modellium.com\\\/#website\"},\"primaryImageOfPage\":{\"@id\":\"https:\\\/\\\/modellium.com\\\/salon-fqm-2025\\\/#primaryimage\"},\"image\":{\"@id\":\"https:\\\/\\\/modellium.com\\\/salon-fqm-2025\\\/#primaryimage\"},\"thumbnailUrl\":\"https:\\\/\\\/modellium.com\\\/wp-content\\\/uploads\\\/2025\\\/08\\\/Courriel-Section-Promo-FQM-2.jpg\",\"datePublished\":\"2025-08-22T20:43:33+00:00\",\"dateModified\":\"2025-08-26T20:56:42+00:00\",\"breadcrumb\":{\"@id\":\"https:\\\/\\\/modellium.com\\\/salon-fqm-2025\\\/#breadcrumb\"},\"inLanguage\":\"en-CA\",\"potentialAction\":[{\"@type\":\"ReadAction\",\"target\":[\"https:\\\/\\\/modellium.com\\\/salon-fqm-2025\\\/\"]}]},{\"@type\":\"ImageObject\",\"inLanguage\":\"en-CA\",\"@id\":\"https:\\\/\\\/modellium.com\\\/salon-fqm-2025\\\/#primaryimage\",\"url\":\"https:\\\/\\\/modellium.com\\\/wp-content\\\/uploads\\\/2025\\\/08\\\/Courriel-Section-Promo-FQM-2.jpg\",\"contentUrl\":\"https:\\\/\\\/modellium.com\\\/wp-content\\\/uploads\\\/2025\\\/08\\\/Courriel-Section-Promo-FQM-2.jpg\"},{\"@type\":\"BreadcrumbList\",\"@id\":\"https:\\\/\\\/modellium.com\\\/salon-fqm-2025\\\/#breadcrumb\",\"itemListElement\":[{\"@type\":\"ListItem\",\"position\":1,\"name\":\"Explorez les produits\",\"item\":\"https:\\\/\\\/modellium.com\\\/\"},{\"@type\":\"ListItem\",\"position\":2,\"name\":\"Salon FQM 2025\"}]},{\"@type\":\"WebSite\",\"@id\":\"https:\\\/\\\/modellium.com\\\/#website\",\"url\":\"https:\\\/\\\/modellium.com\\\/\",\"name\":\"Modellium\",\"description\":\"Solutions num\u00e9riques innovantes pour le domaine municipal\",\"publisher\":{\"@id\":\"https:\\\/\\\/modellium.com\\\/#organization\"},\"potentialAction\":[{\"@type\":\"SearchAction\",\"target\":{\"@type\":\"EntryPoint\",\"urlTemplate\":\"https:\\\/\\\/modellium.com\\\/?s={search_term_string}\"},\"query-input\":{\"@type\":\"PropertyValueSpecification\",\"valueRequired\":true,\"valueName\":\"search_term_string\"}}],\"inLanguage\":\"en-CA\"},{\"@type\":\"Organization\",\"@id\":\"https:\\\/\\\/modellium.com\\\/#organization\",\"name\":\"Modellium\",\"url\":\"https:\\\/\\\/modellium.com\\\/\",\"logo\":{\"@type\":\"ImageObject\",\"inLanguage\":\"en-CA\",\"@id\":\"https:\\\/\\\/modellium.com\\\/#\\\/schema\\\/logo\\\/image\\\/\",\"url\":\"https:\\\/\\\/modellium.com\\\/wp-content\\\/uploads\\\/2023\\\/06\\\/logo-modellium-desktop.svg\",\"contentUrl\":\"https:\\\/\\\/modellium.com\\\/wp-content\\\/uploads\\\/2023\\\/06\\\/logo-modellium-desktop.svg\",\"width\":149,\"height\":30,\"caption\":\"Modellium\"},\"image\":{\"@id\":\"https:\\\/\\\/modellium.com\\\/#\\\/schema\\\/logo\\\/image\\\/\"},\"sameAs\":[\"https:\\\/\\\/www.facebook.com\\\/Modellium\\\/\",\"https:\\\/\\\/www.linkedin.com\\\/company\\\/modellium\\\/\"]}]}<\/script>\n<!-- \/ Yoast SEO Premium plugin. -->","yoast_head_json":{"title":"Salon FQM 2025 - Modellium","robots":{"index":"index","follow":"follow","max-snippet":"max-snippet:-1","max-image-preview":"max-image-preview:large","max-video-preview":"max-video-preview:-1"},"canonical":"https:\/\/modellium.com\/en\/salon-fqm-2025\/","og_locale":"en_US","og_type":"article","og_title":"Salon FQM 2025 - Modellium","og_url":"https:\/\/modellium.com\/en\/salon-fqm-2025\/","og_site_name":"Modellium","article_publisher":"https:\/\/www.facebook.com\/Modellium\/","article_modified_time":"2025-08-26T20:56:42+00:00","og_image":[{"url":"https:\/\/modellium.com\/wp-content\/uploads\/2025\/08\/Courriel-Section-Promo-FQM-2.jpg","type":"","width":"","height":""}],"twitter_card":"summary_large_image","twitter_misc":{"Est. reading time":"1 minute"},"schema":{"@context":"https:\/\/schema.org","@graph":[{"@type":"WebPage","@id":"https:\/\/modellium.com\/salon-fqm-2025\/","url":"https:\/\/modellium.com\/salon-fqm-2025\/","name":"Salon FQM 2025 - Modellium","isPartOf":{"@id":"https:\/\/modellium.com\/#website"},"primaryImageOfPage":{"@id":"https:\/\/modellium.com\/salon-fqm-2025\/#primaryimage"},"image":{"@id":"https:\/\/modellium.com\/salon-fqm-2025\/#primaryimage"},"thumbnailUrl":"https:\/\/modellium.com\/wp-content\/uploads\/2025\/08\/Courriel-Section-Promo-FQM-2.jpg","datePublished":"2025-08-22T20:43:33+00:00","dateModified":"2025-08-26T20:56:42+00:00","breadcrumb":{"@id":"https:\/\/modellium.com\/salon-fqm-2025\/#breadcrumb"},"inLanguage":"en-CA","potentialAction":[{"@type":"ReadAction","target":["https:\/\/modellium.com\/salon-fqm-2025\/"]}]},{"@type":"ImageObject","inLanguage":"en-CA","@id":"https:\/\/modellium.com\/salon-fqm-2025\/#primaryimage","url":"https:\/\/modellium.com\/wp-content\/uploads\/2025\/08\/Courriel-Section-Promo-FQM-2.jpg","contentUrl":"https:\/\/modellium.com\/wp-content\/uploads\/2025\/08\/Courriel-Section-Promo-FQM-2.jpg"},{"@type":"BreadcrumbList","@id":"https:\/\/modellium.com\/salon-fqm-2025\/#breadcrumb","itemListElement":[{"@type":"ListItem","position":1,"name":"Explorez les produits","item":"https:\/\/modellium.com\/"},{"@type":"ListItem","position":2,"name":"Salon FQM 2025"}]},{"@type":"WebSite","@id":"https:\/\/modellium.com\/#website","url":"https:\/\/modellium.com\/","name":"Modellium","description":"Solutions num\u00e9riques innovantes pour le domaine municipal","publisher":{"@id":"https:\/\/modellium.com\/#organization"},"potentialAction":[{"@type":"SearchAction","target":{"@type":"EntryPoint","urlTemplate":"https:\/\/modellium.com\/?s={search_term_string}"},"query-input":{"@type":"PropertyValueSpecification","valueRequired":true,"valueName":"search_term_string"}}],"inLanguage":"en-CA"},{"@type":"Organization","@id":"https:\/\/modellium.com\/#organization","name":"Modellium","url":"https:\/\/modellium.com\/","logo":{"@type":"ImageObject","inLanguage":"en-CA","@id":"https:\/\/modellium.com\/#\/schema\/logo\/image\/","url":"https:\/\/modellium.com\/wp-content\/uploads\/2023\/06\/logo-modellium-desktop.svg","contentUrl":"https:\/\/modellium.com\/wp-content\/uploads\/2023\/06\/logo-modellium-desktop.svg","width":149,"height":30,"caption":"Modellium"},"image":{"@id":"https:\/\/modellium.com\/#\/schema\/logo\/image\/"},"sameAs":["https:\/\/www.facebook.com\/Modellium\/","https:\/\/www.linkedin.com\/company\/modellium\/"]}]}},"jetpack_sharing_enabled":true,"_links":{"self":[{"href":"https:\/\/modellium.com\/en\/wp-json\/wp\/v2\/pages\/21808","targetHints":{"allow":["GET"]}}],"collection":[{"href":"https:\/\/modellium.com\/en\/wp-json\/wp\/v2\/pages"}],"about":[{"href":"https:\/\/modellium.com\/en\/wp-json\/wp\/v2\/types\/page"}],"author":[{"embeddable":true,"href":"https:\/\/modellium.com\/en\/wp-json\/wp\/v2\/users\/9"}],"replies":[{"embeddable":true,"href":"https:\/\/modellium.com\/en\/wp-json\/wp\/v2\/comments?post=21808"}],"version-history":[{"count":19,"href":"https:\/\/modellium.com\/en\/wp-json\/wp\/v2\/pages\/21808\/revisions"}],"predecessor-version":[{"id":21865,"href":"https:\/\/modellium.com\/en\/wp-json\/wp\/v2\/pages\/21808\/revisions\/21865"}],"wp:attachment":[{"href":"https:\/\/modellium.com\/en\/wp-json\/wp\/v2\/media?parent=21808"}],"curies":[{"name":"wp","href":"https:\/\/api.w.org\/{rel}","templated":true}]}}