{"id":19061,"date":"2024-12-19T14:47:26","date_gmt":"2024-12-19T19:47:26","guid":{"rendered":"https:\/\/modellium.com\/?page_id=19061"},"modified":"2025-10-14T12:56:12","modified_gmt":"2025-10-14T17:56:12","slug":"banque-de-connaissances","status":"publish","type":"page","link":"https:\/\/modellium.com\/en\/banque-de-connaissances\/","title":{"rendered":"Knowledge Base"},"content":{"rendered":"<div data-elementor-type=\"wp-page\" data-elementor-id=\"19061\" class=\"elementor elementor-19061\" data-elementor-post-type=\"page\">\n\t\t\t\t<div class=\"elementor-element elementor-element-9bbe62a e-con-full section-padding hero-section e-flex e-con e-parent\" data-id=\"9bbe62a\" data-element_type=\"container\" data-e-type=\"container\" data-settings=\"{&quot;background_background&quot;:&quot;classic&quot;}\">\n\t\t<div class=\"elementor-element elementor-element-9a48535 e-con-full section-medium e-flex e-con e-child\" data-id=\"9a48535\" data-element_type=\"container\" data-e-type=\"container\">\n\t\t\t\t<div class=\"elementor-element elementor-element-1435382 headline-regular-padding elementor-widget elementor-widget-heading\" data-id=\"1435382\" data-element_type=\"widget\" data-e-type=\"widget\" data-widget_type=\"heading.default\">\n\t\t\t\t\t<h4 class=\"elementor-heading-title elementor-size-default\">Knowledge Base<\/h4>\t\t\t\t<\/div>\n\t\t\t\t<div class=\"elementor-element elementor-element-26d7255 paragraph-width-regular elementor-widget elementor-widget-text-editor\" data-id=\"26d7255\" data-element_type=\"widget\" data-e-type=\"widget\" data-widget_type=\"text-editor.default\">\n\t\t\t\t\t\t\t\t\t<p>Access video and written learning guides to get started, in-depth learning resources, and answers to frequently asked questions about the V+ Citizen Portal solution.\n\n<br><br>Please note that the knowledge base is currently available only in French.<\/p>\t\t\t\t\t\t\t\t<\/div>\n\t\t\t\t<div class=\"elementor-element elementor-element-21b6202 elementor-widget__width-initial elementor-widget elementor-widget-betterdocs-search-form\" data-id=\"21b6202\" data-element_type=\"widget\" data-e-type=\"widget\" data-widget_type=\"betterdocs-search-form.default\">\n\t\t\t\t\t<div class=\"betterdocs-search-form-widget-wrapper\"><div class=\"betterdocs-search-modal-layout-1\" id=\"betterdocs-search-modal\" data-placeholder=\"Rechercher un article\" data-headingtag=\"h1\" data-subheadingtag=\"p\" data-buttontext=\"Search\" data-numberofdocs=\"5\" data-numberoffaqs=\"5\" data-enable_faq_search=\"1\" data-enable_docs_search=\"1\"><\/div><\/div>\t\t\t\t<\/div>\n\t\t\t\t<\/div>\n\t\t\t\t<\/div>\n\t\t<div class=\"elementor-element elementor-element-8f80bb6 section-padding e-con-full e-flex e-con e-parent\" data-id=\"8f80bb6\" data-element_type=\"container\" data-e-type=\"container\">\n\t\t<div class=\"elementor-element elementor-element-0ebcb93 e-con-full section-medium e-flex e-con e-child\" data-id=\"0ebcb93\" data-element_type=\"container\" data-e-type=\"container\">\n\t\t\t\t<div class=\"elementor-element elementor-element-10f8eb2 headline-regular-padding elementor-widget elementor-widget-heading\" data-id=\"10f8eb2\" data-element_type=\"widget\" data-e-type=\"widget\" data-widget_type=\"heading.default\">\n\t\t\t\t\t<h2 class=\"elementor-heading-title elementor-size-default\">Product Guides:<\/h2>\t\t\t\t<\/div>\n\t\t\t\t<div class=\"elementor-element elementor-element-fa0e71c elementor-grid-3 elementor-grid-tablet-2 elementor-grid-mobile-1 elementor-widget elementor-widget-betterdocs-multiple-kb\" data-id=\"fa0e71c\" data-element_type=\"widget\" data-e-type=\"widget\" data-settings=\"{&quot;box_column&quot;:&quot;3&quot;,&quot;box_column_tablet&quot;:&quot;2&quot;,&quot;box_column_mobile&quot;:&quot;1&quot;}\" data-widget_type=\"betterdocs-multiple-kb.default\">\n\t\t\t\t\t\n<div\n\tid=\"el-betterdocs-cat-box-fa0e71c\" class=\"betterdocs-category-box-wrapper el-layout-defualt betterdocs-elementor\">\n\t<div\n\t\tclass=\"betterdocs-category-box-inner-wrapper\" style=\"\">\n\t\t\n<a\n\thref=\"https:\/\/modellium.com\/en\/banque-de-connaissances\/communication-de-masse\/\" data-id=\"52\" class=\"betterdocs-single-category-wrapper category-box default\">\n\t<div class=\"betterdocs-single-category-inner\">\n\t\t\n<div class=\"betterdocs-category-header\">\n\t<div class=\"betterdocs-category-header-inner\">\n\t\t\n<div class=\"betterdocs-category-icon\">\n\t<img decoding=\"async\" alt=\"\" class=\"betterdocs-category-icon-img\" src=\"https:\/\/modellium.com\/wp-content\/uploads\/2024\/11\/artwork-alertes-150x150.png\" \/><\/div>\n<h2 class=\"betterdocs-category-title\">Mass Communication<\/h2>\n<div data-count=\"13\" class=\"betterdocs-category-items-counts\">\n\t<span>\n\t\t 13 articles\t<\/span>\n<\/div>\n\t<\/div>\n<\/div>\n\t<\/div>\n<\/a>\n\n<a\n\thref=\"https:\/\/modellium.com\/en\/banque-de-connaissances\/participation-citoyenne\/\" data-id=\"53\" class=\"betterdocs-single-category-wrapper category-box default\">\n\t<div class=\"betterdocs-single-category-inner\">\n\t\t\n<div class=\"betterdocs-category-header\">\n\t<div class=\"betterdocs-category-header-inner\">\n\t\t\n<div class=\"betterdocs-category-icon\">\n\t<img decoding=\"async\" alt=\"\" class=\"betterdocs-category-icon-img\" src=\"https:\/\/modellium.com\/wp-content\/uploads\/2023\/08\/artwork-participation-150x150.png\" \/><\/div>\n<h2 class=\"betterdocs-category-title\">Citizen Engagement<\/h2>\n<div data-count=\"12\" class=\"betterdocs-category-items-counts\">\n\t<span>\n\t\t 12 articles\t<\/span>\n<\/div>\n\t<\/div>\n<\/div>\n\t<\/div>\n<\/a>\n\n<a\n\thref=\"https:\/\/modellium.com\/en\/banque-de-connaissances\/requetes-citoyennes\/\" data-id=\"55\" class=\"betterdocs-single-category-wrapper category-box default\">\n\t<div class=\"betterdocs-single-category-inner\">\n\t\t\n<div class=\"betterdocs-category-header\">\n\t<div class=\"betterdocs-category-header-inner\">\n\t\t\n<div class=\"betterdocs-category-icon\">\n\t<img decoding=\"async\" alt=\"\" class=\"betterdocs-category-icon-img\" src=\"https:\/\/modellium.com\/wp-content\/uploads\/2023\/08\/artwork-requete-150x150.png\" \/><\/div>\n<h2 class=\"betterdocs-category-title\">Citizen \nRequests<\/h2>\n<div data-count=\"12\" class=\"betterdocs-category-items-counts\">\n\t<span>\n\t\t 12 articles\t<\/span>\n<\/div>\n\t<\/div>\n<\/div>\n\t<\/div>\n<\/a>\n\n<a\n\thref=\"https:\/\/modellium.com\/en\/banque-de-connaissances\/site-web\/\" data-id=\"54\" class=\"betterdocs-single-category-wrapper category-box default\">\n\t<div class=\"betterdocs-single-category-inner\">\n\t\t\n<div class=\"betterdocs-category-header\">\n\t<div class=\"betterdocs-category-header-inner\">\n\t\t\n<div class=\"betterdocs-category-icon\">\n\t<img decoding=\"async\" alt=\"\" class=\"betterdocs-category-icon-img\" src=\"https:\/\/modellium.com\/wp-content\/uploads\/2023\/09\/site-app-vplus-150x150.png\" \/><\/div>\n<h2 class=\"betterdocs-category-title\">Website<\/h2>\n<div data-count=\"8\" class=\"betterdocs-category-items-counts\">\n\t<span>\n\t\t 8 articles\t<\/span>\n<\/div>\n\t<\/div>\n<\/div>\n\t<\/div>\n<\/a>\n\t<\/div>\n\t\t<div class=\"clearfix\"><\/div>\n\t<\/div>\n\t\t\t\t<\/div>\n\t\t\t\t<\/div>\n\t\t\t\t<\/div>\n\t\t\t\t<\/div>","protected":false},"excerpt":{"rendered":"<p>Banque de connaissances Acc\u00e9dez \u00e0 des guides d&rsquo;apprentissage vid\u00e9o et \u00e9crits pour bien d\u00e9marrer, \u00e0 des ressources d&rsquo;apprentissage approfondies, ainsi qu&rsquo;\u00e0 des r\u00e9ponses aux questions courantes concernant la solution V+ Portail Citoyen. Capsules par produits : Communication de masse 13 articles Participation citoyenne 12 articles Requ\u00eates citoyennes 16 articles Site web 8 articles<\/p>","protected":false},"author":7,"featured_media":0,"parent":0,"menu_order":0,"comment_status":"closed","ping_status":"closed","template":"","meta":{"_acf_changed":false,"_import_markdown_pro_load_document_selector":0,"_import_markdown_pro_submit_text_textarea":"","footnotes":""},"class_list":["post-19061","page","type-page","status-publish","hentry"],"acf":[],"yoast_head":"<!-- This site is optimized with the Yoast SEO Premium plugin v27.5 (Yoast SEO v27.5) - https:\/\/yoast.com\/product\/yoast-seo-premium-wordpress\/ -->\n<title>Banque de connaissances - Modellium<\/title>\n<meta name=\"robots\" content=\"index, follow, max-snippet:-1, max-image-preview:large, max-video-preview:-1\" \/>\n<link rel=\"canonical\" href=\"https:\/\/modellium.com\/en\/banque-de-connaissances\/\" \/>\n<meta property=\"og:locale\" content=\"en_US\" \/>\n<meta property=\"og:type\" content=\"article\" \/>\n<meta property=\"og:title\" content=\"Banque de connaissances - Modellium\" \/>\n<meta property=\"og:description\" content=\"Banque de connaissances Acc\u00e9dez \u00e0 des guides d&rsquo;apprentissage vid\u00e9o et \u00e9crits pour bien d\u00e9marrer, \u00e0 des ressources d&rsquo;apprentissage approfondies, ainsi qu&rsquo;\u00e0 des r\u00e9ponses aux questions courantes concernant la solution V+ Portail Citoyen. Capsules par produits : Communication de masse 13 articles Participation citoyenne 12 articles Requ\u00eates citoyennes 16 articles Site web 8 articles\" \/>\n<meta property=\"og:url\" content=\"https:\/\/modellium.com\/en\/banque-de-connaissances\/\" \/>\n<meta property=\"og:site_name\" content=\"Modellium\" \/>\n<meta property=\"article:publisher\" content=\"https:\/\/www.facebook.com\/Modellium\/\" \/>\n<meta property=\"article:modified_time\" content=\"2025-10-14T17:56:12+00:00\" \/>\n<meta property=\"og:image\" content=\"https:\/\/modellium.com\/wp-content\/uploads\/2024\/11\/artwork-alertes-150x150.png\" \/>\n<meta name=\"twitter:card\" content=\"summary_large_image\" \/>\n<meta name=\"twitter:label1\" content=\"Est. reading time\" \/>\n\t<meta name=\"twitter:data1\" content=\"2 minutes\" \/>\n<script type=\"application\/ld+json\" class=\"yoast-schema-graph\">{\"@context\":\"https:\\\/\\\/schema.org\",\"@graph\":[{\"@type\":\"WebPage\",\"@id\":\"https:\\\/\\\/modellium.com\\\/banque-de-connaissances\\\/\",\"url\":\"https:\\\/\\\/modellium.com\\\/banque-de-connaissances\\\/\",\"name\":\"Banque de connaissances - Modellium\",\"isPartOf\":{\"@id\":\"https:\\\/\\\/modellium.com\\\/#website\"},\"primaryImageOfPage\":{\"@id\":\"https:\\\/\\\/modellium.com\\\/banque-de-connaissances\\\/#primaryimage\"},\"image\":{\"@id\":\"https:\\\/\\\/modellium.com\\\/banque-de-connaissances\\\/#primaryimage\"},\"thumbnailUrl\":\"https:\\\/\\\/modellium.com\\\/wp-content\\\/uploads\\\/2024\\\/11\\\/artwork-alertes-150x150.png\",\"datePublished\":\"2024-12-19T19:47:26+00:00\",\"dateModified\":\"2025-10-14T17:56:12+00:00\",\"breadcrumb\":{\"@id\":\"https:\\\/\\\/modellium.com\\\/banque-de-connaissances\\\/#breadcrumb\"},\"inLanguage\":\"en-CA\",\"potentialAction\":[{\"@type\":\"ReadAction\",\"target\":[\"https:\\\/\\\/modellium.com\\\/banque-de-connaissances\\\/\"]}]},{\"@type\":\"ImageObject\",\"inLanguage\":\"en-CA\",\"@id\":\"https:\\\/\\\/modellium.com\\\/banque-de-connaissances\\\/#primaryimage\",\"url\":\"https:\\\/\\\/modellium.com\\\/wp-content\\\/uploads\\\/2024\\\/11\\\/artwork-alertes-150x150.png\",\"contentUrl\":\"https:\\\/\\\/modellium.com\\\/wp-content\\\/uploads\\\/2024\\\/11\\\/artwork-alertes-150x150.png\"},{\"@type\":\"BreadcrumbList\",\"@id\":\"https:\\\/\\\/modellium.com\\\/banque-de-connaissances\\\/#breadcrumb\",\"itemListElement\":[{\"@type\":\"ListItem\",\"position\":1,\"name\":\"Explorez les produits\",\"item\":\"https:\\\/\\\/modellium.com\\\/\"},{\"@type\":\"ListItem\",\"position\":2,\"name\":\"Banque de connaissances\"}]},{\"@type\":\"WebSite\",\"@id\":\"https:\\\/\\\/modellium.com\\\/#website\",\"url\":\"https:\\\/\\\/modellium.com\\\/\",\"name\":\"Modellium\",\"description\":\"Solutions num\u00e9riques innovantes pour le domaine municipal\",\"publisher\":{\"@id\":\"https:\\\/\\\/modellium.com\\\/#organization\"},\"potentialAction\":[{\"@type\":\"SearchAction\",\"target\":{\"@type\":\"EntryPoint\",\"urlTemplate\":\"https:\\\/\\\/modellium.com\\\/?s={search_term_string}\"},\"query-input\":{\"@type\":\"PropertyValueSpecification\",\"valueRequired\":true,\"valueName\":\"search_term_string\"}}],\"inLanguage\":\"en-CA\"},{\"@type\":\"Organization\",\"@id\":\"https:\\\/\\\/modellium.com\\\/#organization\",\"name\":\"Modellium\",\"url\":\"https:\\\/\\\/modellium.com\\\/\",\"logo\":{\"@type\":\"ImageObject\",\"inLanguage\":\"en-CA\",\"@id\":\"https:\\\/\\\/modellium.com\\\/#\\\/schema\\\/logo\\\/image\\\/\",\"url\":\"https:\\\/\\\/modellium.com\\\/wp-content\\\/uploads\\\/2023\\\/06\\\/logo-modellium-desktop.svg\",\"contentUrl\":\"https:\\\/\\\/modellium.com\\\/wp-content\\\/uploads\\\/2023\\\/06\\\/logo-modellium-desktop.svg\",\"width\":149,\"height\":30,\"caption\":\"Modellium\"},\"image\":{\"@id\":\"https:\\\/\\\/modellium.com\\\/#\\\/schema\\\/logo\\\/image\\\/\"},\"sameAs\":[\"https:\\\/\\\/www.facebook.com\\\/Modellium\\\/\",\"https:\\\/\\\/www.linkedin.com\\\/company\\\/modellium\\\/\"]}]}<\/script>\n<!-- \/ Yoast SEO Premium plugin. -->","yoast_head_json":{"title":"Banque de connaissances - Modellium","robots":{"index":"index","follow":"follow","max-snippet":"max-snippet:-1","max-image-preview":"max-image-preview:large","max-video-preview":"max-video-preview:-1"},"canonical":"https:\/\/modellium.com\/en\/banque-de-connaissances\/","og_locale":"en_US","og_type":"article","og_title":"Banque de connaissances - Modellium","og_description":"Banque de connaissances Acc\u00e9dez \u00e0 des guides d&rsquo;apprentissage vid\u00e9o et \u00e9crits pour bien d\u00e9marrer, \u00e0 des ressources d&rsquo;apprentissage approfondies, ainsi qu&rsquo;\u00e0 des r\u00e9ponses aux questions courantes concernant la solution V+ Portail Citoyen. Capsules par produits : Communication de masse 13 articles Participation citoyenne 12 articles Requ\u00eates citoyennes 16 articles Site web 8 articles","og_url":"https:\/\/modellium.com\/en\/banque-de-connaissances\/","og_site_name":"Modellium","article_publisher":"https:\/\/www.facebook.com\/Modellium\/","article_modified_time":"2025-10-14T17:56:12+00:00","og_image":[{"url":"https:\/\/modellium.com\/wp-content\/uploads\/2024\/11\/artwork-alertes-150x150.png","type":"","width":"","height":""}],"twitter_card":"summary_large_image","twitter_misc":{"Est. reading time":"2 minutes"},"schema":{"@context":"https:\/\/schema.org","@graph":[{"@type":"WebPage","@id":"https:\/\/modellium.com\/banque-de-connaissances\/","url":"https:\/\/modellium.com\/banque-de-connaissances\/","name":"Banque de connaissances - Modellium","isPartOf":{"@id":"https:\/\/modellium.com\/#website"},"primaryImageOfPage":{"@id":"https:\/\/modellium.com\/banque-de-connaissances\/#primaryimage"},"image":{"@id":"https:\/\/modellium.com\/banque-de-connaissances\/#primaryimage"},"thumbnailUrl":"https:\/\/modellium.com\/wp-content\/uploads\/2024\/11\/artwork-alertes-150x150.png","datePublished":"2024-12-19T19:47:26+00:00","dateModified":"2025-10-14T17:56:12+00:00","breadcrumb":{"@id":"https:\/\/modellium.com\/banque-de-connaissances\/#breadcrumb"},"inLanguage":"en-CA","potentialAction":[{"@type":"ReadAction","target":["https:\/\/modellium.com\/banque-de-connaissances\/"]}]},{"@type":"ImageObject","inLanguage":"en-CA","@id":"https:\/\/modellium.com\/banque-de-connaissances\/#primaryimage","url":"https:\/\/modellium.com\/wp-content\/uploads\/2024\/11\/artwork-alertes-150x150.png","contentUrl":"https:\/\/modellium.com\/wp-content\/uploads\/2024\/11\/artwork-alertes-150x150.png"},{"@type":"BreadcrumbList","@id":"https:\/\/modellium.com\/banque-de-connaissances\/#breadcrumb","itemListElement":[{"@type":"ListItem","position":1,"name":"Explorez les produits","item":"https:\/\/modellium.com\/"},{"@type":"ListItem","position":2,"name":"Banque de connaissances"}]},{"@type":"WebSite","@id":"https:\/\/modellium.com\/#website","url":"https:\/\/modellium.com\/","name":"Modellium","description":"Solutions num\u00e9riques innovantes pour le domaine municipal","publisher":{"@id":"https:\/\/modellium.com\/#organization"},"potentialAction":[{"@type":"SearchAction","target":{"@type":"EntryPoint","urlTemplate":"https:\/\/modellium.com\/?s={search_term_string}"},"query-input":{"@type":"PropertyValueSpecification","valueRequired":true,"valueName":"search_term_string"}}],"inLanguage":"en-CA"},{"@type":"Organization","@id":"https:\/\/modellium.com\/#organization","name":"Modellium","url":"https:\/\/modellium.com\/","logo":{"@type":"ImageObject","inLanguage":"en-CA","@id":"https:\/\/modellium.com\/#\/schema\/logo\/image\/","url":"https:\/\/modellium.com\/wp-content\/uploads\/2023\/06\/logo-modellium-desktop.svg","contentUrl":"https:\/\/modellium.com\/wp-content\/uploads\/2023\/06\/logo-modellium-desktop.svg","width":149,"height":30,"caption":"Modellium"},"image":{"@id":"https:\/\/modellium.com\/#\/schema\/logo\/image\/"},"sameAs":["https:\/\/www.facebook.com\/Modellium\/","https:\/\/www.linkedin.com\/company\/modellium\/"]}]}},"jetpack_sharing_enabled":true,"_links":{"self":[{"href":"https:\/\/modellium.com\/en\/wp-json\/wp\/v2\/pages\/19061","targetHints":{"allow":["GET"]}}],"collection":[{"href":"https:\/\/modellium.com\/en\/wp-json\/wp\/v2\/pages"}],"about":[{"href":"https:\/\/modellium.com\/en\/wp-json\/wp\/v2\/types\/page"}],"author":[{"embeddable":true,"href":"https:\/\/modellium.com\/en\/wp-json\/wp\/v2\/users\/7"}],"replies":[{"embeddable":true,"href":"https:\/\/modellium.com\/en\/wp-json\/wp\/v2\/comments?post=19061"}],"version-history":[{"count":37,"href":"https:\/\/modellium.com\/en\/wp-json\/wp\/v2\/pages\/19061\/revisions"}],"predecessor-version":[{"id":22020,"href":"https:\/\/modellium.com\/en\/wp-json\/wp\/v2\/pages\/19061\/revisions\/22020"}],"wp:attachment":[{"href":"https:\/\/modellium.com\/en\/wp-json\/wp\/v2\/media?parent=19061"}],"curies":[{"name":"wp","href":"https:\/\/api.w.org\/{rel}","templated":true}]}}